{"id":11044,"date":"2025-05-25T19:19:32","date_gmt":"2025-05-26T00:19:32","guid":{"rendered":"https:\/\/partdo.org.pe\/?post_type=product&#038;p=11044"},"modified":"2025-05-25T19:19:32","modified_gmt":"2025-05-26T00:19:32","slug":"cafe-de-especialidad-proceso-natural","status":"publish","type":"product","link":"https:\/\/partdo.org.pe\/?product=cafe-de-especialidad-proceso-natural","title":{"rendered":"Caf\u00e9 de especialidad &#8211; Proceso Natural"},"content":{"rendered":"","protected":false},"excerpt":{"rendered":"<p>Caf\u00e9 de especialidad, proceso natural. Perfil afrutado y complejo. Presentaci\u00f3n de 250 gr.<\/p>\n","protected":false},"featured_media":11047,"template":"","meta":{"_joinchat":[]},"product_brand":[],"product_cat":[15],"product_tag":[],"class_list":{"0":"post-11044","1":"product","2":"type-product","3":"status-publish","4":"has-post-thumbnail","6":"product_cat-especialidades-de-cafes","8":"first","9":"instock","10":"shipping-taxable","11":"purchasable","12":"product-type-simple","13":"add-to-wishlist-after_add_to_cart"},"_links":{"self":[{"href":"https:\/\/partdo.org.pe\/index.php?rest_route=\/wp\/v2\/product\/11044","targetHints":{"allow":["GET"]}}],"collection":[{"href":"https:\/\/partdo.org.pe\/index.php?rest_route=\/wp\/v2\/product"}],"about":[{"href":"https:\/\/partdo.org.pe\/index.php?rest_route=\/wp\/v2\/types\/product"}],"wp:featuredmedia":[{"embeddable":true,"href":"https:\/\/partdo.org.pe\/index.php?rest_route=\/wp\/v2\/media\/11047"}],"wp:attachment":[{"href":"https:\/\/partdo.org.pe\/index.php?rest_route=%2Fwp%2Fv2%2Fmedia&parent=11044"}],"wp:term":[{"taxonomy":"product_brand","embeddable":true,"href":"https:\/\/partdo.org.pe\/index.php?rest_route=%2Fwp%2Fv2%2Fproduct_brand&post=11044"},{"taxonomy":"product_cat","embeddable":true,"href":"https:\/\/partdo.org.pe\/index.php?rest_route=%2Fwp%2Fv2%2Fproduct_cat&post=11044"},{"taxonomy":"product_tag","embeddable":true,"href":"https:\/\/partdo.org.pe\/index.php?rest_route=%2Fwp%2Fv2%2Fproduct_tag&post=11044"}],"curies":[{"name":"wp","href":"https:\/\/api.w.org\/{rel}","templated":true}]}}