{"id":11042,"date":"2025-05-25T19:01:02","date_gmt":"2025-05-26T00:01:02","guid":{"rendered":"https:\/\/partdo.org.pe\/?post_type=product&#038;p=11042"},"modified":"2025-05-25T19:01:02","modified_gmt":"2025-05-26T00:01:02","slug":"guardiana-del-bosque-cafetalero","status":"publish","type":"product","link":"https:\/\/partdo.org.pe\/?product=guardiana-del-bosque-cafetalero","title":{"rendered":"Guardiana del Bosque Cafetalero"},"content":{"rendered":"","protected":false},"excerpt":{"rendered":"<p>Cuadro original: La silueta serena de una mujer cubierta por enredaderas y mariposas representa el esp\u00edritu protector de la caficultura. Pintada completamente con caf\u00e9 y enmarcada con tallos del mismo arbusto, esta obra simboliza la feminidad vinculada a la biodiversidad y la regeneraci\u00f3n de los bosques andino-amaz\u00f3nicos. Tama\u00f1o A3.<\/p>\n","protected":false},"featured_media":11038,"template":"","meta":{"_joinchat":[]},"product_brand":[],"product_cat":[56],"product_tag":[],"class_list":{"0":"post-11042","1":"product","2":"type-product","3":"status-publish","4":"has-post-thumbnail","6":"product_cat-cat-artecafe","8":"first","9":"instock","10":"shipping-taxable","11":"purchasable","12":"product-type-simple","13":"add-to-wishlist-after_add_to_cart"},"_links":{"self":[{"href":"https:\/\/partdo.org.pe\/index.php?rest_route=\/wp\/v2\/product\/11042","targetHints":{"allow":["GET"]}}],"collection":[{"href":"https:\/\/partdo.org.pe\/index.php?rest_route=\/wp\/v2\/product"}],"about":[{"href":"https:\/\/partdo.org.pe\/index.php?rest_route=\/wp\/v2\/types\/product"}],"wp:featuredmedia":[{"embeddable":true,"href":"https:\/\/partdo.org.pe\/index.php?rest_route=\/wp\/v2\/media\/11038"}],"wp:attachment":[{"href":"https:\/\/partdo.org.pe\/index.php?rest_route=%2Fwp%2Fv2%2Fmedia&parent=11042"}],"wp:term":[{"taxonomy":"product_brand","embeddable":true,"href":"https:\/\/partdo.org.pe\/index.php?rest_route=%2Fwp%2Fv2%2Fproduct_brand&post=11042"},{"taxonomy":"product_cat","embeddable":true,"href":"https:\/\/partdo.org.pe\/index.php?rest_route=%2Fwp%2Fv2%2Fproduct_cat&post=11042"},{"taxonomy":"product_tag","embeddable":true,"href":"https:\/\/partdo.org.pe\/index.php?rest_route=%2Fwp%2Fv2%2Fproduct_tag&post=11042"}],"curies":[{"name":"wp","href":"https:\/\/api.w.org\/{rel}","templated":true}]}}