{"id":11041,"date":"2025-05-25T18:58:11","date_gmt":"2025-05-25T23:58:11","guid":{"rendered":"https:\/\/partdo.org.pe\/?post_type=product&#038;p=11041"},"modified":"2025-05-25T19:01:31","modified_gmt":"2025-05-26T00:01:31","slug":"cosecha-viva","status":"publish","type":"product","link":"https:\/\/partdo.org.pe\/?product=cosecha-viva","title":{"rendered":"Cosecha Viva"},"content":{"rendered":"","protected":false},"excerpt":{"rendered":"<p>Cuadro Original: Esta pintura captura con precisi\u00f3n cada etapa del cafeto: desde la floraci\u00f3n blanca hasta el fruto maduro y el grano tostado. El fondo r\u00fastico y los tonos del caf\u00e9 imprimen calidez y autenticidad, resaltando la belleza del cultivo artesanal. Marco con tallo de caf\u00e9. Tama\u00f1o A3 .<\/p>\n","protected":false},"featured_media":11037,"template":"","meta":{"_joinchat":[]},"product_brand":[],"product_cat":[56],"product_tag":[],"class_list":{"0":"post-11041","1":"product","2":"type-product","3":"status-publish","4":"has-post-thumbnail","6":"product_cat-cat-artecafe","8":"first","9":"instock","10":"shipping-taxable","11":"purchasable","12":"product-type-simple","13":"add-to-wishlist-after_add_to_cart"},"_links":{"self":[{"href":"https:\/\/partdo.org.pe\/index.php?rest_route=\/wp\/v2\/product\/11041","targetHints":{"allow":["GET"]}}],"collection":[{"href":"https:\/\/partdo.org.pe\/index.php?rest_route=\/wp\/v2\/product"}],"about":[{"href":"https:\/\/partdo.org.pe\/index.php?rest_route=\/wp\/v2\/types\/product"}],"wp:featuredmedia":[{"embeddable":true,"href":"https:\/\/partdo.org.pe\/index.php?rest_route=\/wp\/v2\/media\/11037"}],"wp:attachment":[{"href":"https:\/\/partdo.org.pe\/index.php?rest_route=%2Fwp%2Fv2%2Fmedia&parent=11041"}],"wp:term":[{"taxonomy":"product_brand","embeddable":true,"href":"https:\/\/partdo.org.pe\/index.php?rest_route=%2Fwp%2Fv2%2Fproduct_brand&post=11041"},{"taxonomy":"product_cat","embeddable":true,"href":"https:\/\/partdo.org.pe\/index.php?rest_route=%2Fwp%2Fv2%2Fproduct_cat&post=11041"},{"taxonomy":"product_tag","embeddable":true,"href":"https:\/\/partdo.org.pe\/index.php?rest_route=%2Fwp%2Fv2%2Fproduct_tag&post=11041"}],"curies":[{"name":"wp","href":"https:\/\/api.w.org\/{rel}","templated":true}]}}