{"id":11040,"date":"2025-05-25T18:50:24","date_gmt":"2025-05-25T23:50:24","guid":{"rendered":"https:\/\/partdo.org.pe\/?post_type=product&#038;p=11040"},"modified":"2025-05-25T18:55:50","modified_gmt":"2025-05-25T23:55:50","slug":"renacer-entre-hojas-de-cafe","status":"publish","type":"product","link":"https:\/\/partdo.org.pe\/?product=renacer-entre-hojas-de-cafe","title":{"rendered":"Renacer entre Hojas de Caf\u00e9"},"content":{"rendered":"","protected":false},"excerpt":{"rendered":"<p>Cuadro original: Una mujer emerge desde un lecho de hojas de cafeto, con la mirada fija y serena. El pigmento de caf\u00e9 acent\u00faa su conexi\u00f3n \u00edntima con la tierra, mientras el marco hecho de tallos de caf\u00e9 cierra un c\u00edrculo de origen, identidad y arraigo natural. Tama\u00f1o A3.<\/p>\n","protected":false},"featured_media":11036,"template":"","meta":{"_joinchat":[]},"product_brand":[],"product_cat":[56],"product_tag":[],"class_list":{"0":"post-11040","1":"product","2":"type-product","3":"status-publish","4":"has-post-thumbnail","6":"product_cat-cat-artecafe","8":"first","9":"instock","10":"shipping-taxable","11":"purchasable","12":"product-type-simple","13":"add-to-wishlist-after_add_to_cart"},"_links":{"self":[{"href":"https:\/\/partdo.org.pe\/index.php?rest_route=\/wp\/v2\/product\/11040","targetHints":{"allow":["GET"]}}],"collection":[{"href":"https:\/\/partdo.org.pe\/index.php?rest_route=\/wp\/v2\/product"}],"about":[{"href":"https:\/\/partdo.org.pe\/index.php?rest_route=\/wp\/v2\/types\/product"}],"wp:featuredmedia":[{"embeddable":true,"href":"https:\/\/partdo.org.pe\/index.php?rest_route=\/wp\/v2\/media\/11036"}],"wp:attachment":[{"href":"https:\/\/partdo.org.pe\/index.php?rest_route=%2Fwp%2Fv2%2Fmedia&parent=11040"}],"wp:term":[{"taxonomy":"product_brand","embeddable":true,"href":"https:\/\/partdo.org.pe\/index.php?rest_route=%2Fwp%2Fv2%2Fproduct_brand&post=11040"},{"taxonomy":"product_cat","embeddable":true,"href":"https:\/\/partdo.org.pe\/index.php?rest_route=%2Fwp%2Fv2%2Fproduct_cat&post=11040"},{"taxonomy":"product_tag","embeddable":true,"href":"https:\/\/partdo.org.pe\/index.php?rest_route=%2Fwp%2Fv2%2Fproduct_tag&post=11040"}],"curies":[{"name":"wp","href":"https:\/\/api.w.org\/{rel}","templated":true}]}}