{"id":11033,"date":"2025-05-25T18:05:42","date_gmt":"2025-05-25T23:05:42","guid":{"rendered":"https:\/\/partdo.org.pe\/?post_type=product&#038;p=11033"},"modified":"2025-05-25T18:54:31","modified_gmt":"2025-05-25T23:54:31","slug":"madre-cafe","status":"publish","type":"product","link":"https:\/\/partdo.org.pe\/?product=madre-cafe","title":{"rendered":"Madre Caf\u00e9"},"content":{"rendered":"","protected":false},"excerpt":{"rendered":"<p>Replica de obra pintada con pigmentos naturales de caf\u00e9 que representa la conexi\u00f3n m\u00edstica entre la mujer, la naturaleza y la esencia del cafetal. Tama\u00f1os A4, A3 y A2.<\/p>\n","protected":false},"featured_media":11034,"template":"","meta":{"_joinchat":[]},"product_brand":[],"product_cat":[56],"product_tag":[],"class_list":{"0":"post-11033","1":"product","2":"type-product","3":"status-publish","4":"has-post-thumbnail","6":"product_cat-cat-artecafe","8":"first","9":"instock","10":"shipping-taxable","11":"purchasable","12":"product-type-simple","13":"add-to-wishlist-after_add_to_cart"},"_links":{"self":[{"href":"https:\/\/partdo.org.pe\/index.php?rest_route=\/wp\/v2\/product\/11033","targetHints":{"allow":["GET"]}}],"collection":[{"href":"https:\/\/partdo.org.pe\/index.php?rest_route=\/wp\/v2\/product"}],"about":[{"href":"https:\/\/partdo.org.pe\/index.php?rest_route=\/wp\/v2\/types\/product"}],"wp:featuredmedia":[{"embeddable":true,"href":"https:\/\/partdo.org.pe\/index.php?rest_route=\/wp\/v2\/media\/11034"}],"wp:attachment":[{"href":"https:\/\/partdo.org.pe\/index.php?rest_route=%2Fwp%2Fv2%2Fmedia&parent=11033"}],"wp:term":[{"taxonomy":"product_brand","embeddable":true,"href":"https:\/\/partdo.org.pe\/index.php?rest_route=%2Fwp%2Fv2%2Fproduct_brand&post=11033"},{"taxonomy":"product_cat","embeddable":true,"href":"https:\/\/partdo.org.pe\/index.php?rest_route=%2Fwp%2Fv2%2Fproduct_cat&post=11033"},{"taxonomy":"product_tag","embeddable":true,"href":"https:\/\/partdo.org.pe\/index.php?rest_route=%2Fwp%2Fv2%2Fproduct_tag&post=11033"}],"curies":[{"name":"wp","href":"https:\/\/api.w.org\/{rel}","templated":true}]}}